{"id":9662,"date":"2021-02-13T16:15:37","date_gmt":"2021-02-13T14:15:37","guid":{"rendered":"https:\/\/huskysgroup.com\/politica-de-privacidad\/"},"modified":"2021-06-02T10:22:29","modified_gmt":"2021-06-02T08:22:29","slug":"politica-privacidad","status":"publish","type":"page","link":"https:\/\/huskysgroup.com\/es\/politica-privacidad\/","title":{"rendered":"Pol\u00edtica de privacidad"},"content":{"rendered":"<h2 style=\"text-align: left;\">1. Introducci\u00f3n<\/h2>\n<p><strong>HUSKY\u00b4S Exclusive Private Services <\/strong>(en adelante: &#8220;sitio web\u201d), sensibilizado con las necesidades de los usuarios de Internet y consciente de la importancia de la rigurosa privacidad de la informaci\u00f3n personal que nos conf\u00edan, incluye esta declaraci\u00f3n de privacidad con el objeto de que al usuario sea consciente de la pol\u00edtica de privacidad en el tratamiento de los datos personales que puedan ser recabados por la navegaci\u00f3n o contrataci\u00f3n de servicios a trav\u00e9s de https:\/\/huskysgroup.com\/.<\/p>\n<p>En este sentido, <strong>HUSKY\u00b4S Exclusive Private Services <\/strong>garantiza el cumplimiento de la normativa vigente en materia de protecci\u00f3n de datos personales, reflejada en la Ley Org\u00e1nica 15\/1999, de 13 de diciembre, de Protecci\u00f3n de Datos de Car\u00e1cter Personal, y al Real Decreto 1720\/2007, de 21 de diciembre, conocido como el Reglamento de desarrollo de la LOPD. Cumple tambi\u00e9n con el Reglamento (UE) 2016\/679 del Parlamento Europeo y del Consejo de 27 de abril de 2016 relativo a la protecci\u00f3n de las personas f\u00edsicas (RGPD).<\/p>\n<p>El uso de https:\/\/huskysgroup.com implica la aceptaci\u00f3n de esta pol\u00edtica de privacidad as\u00ed como las condiciones incluidas en el <a href=\"https:\/\/huskysgroup.com\/es\/aviso-legal\/\">aviso legal<\/a> y en la <a href=\"https:\/\/huskysgroup.com\/es\/politica-cookies\/\">pol\u00edtica de cookies<\/a>. De no aceptarlas, debe abandonar el sitio, sin hacer uso alguno de \u00e9l y su contenido, y sin acceder a las p\u00e1ginas enlazadas.<\/p>\n<p>&nbsp;<\/p>\n<h2>2. Identidad del responsable<\/h2>\n<ul>\n<li><strong>Titular:<\/strong> HUSKY\u00b4S Exclusive Private Services S.L.U<\/li>\n<li><strong>CIF:<\/strong>\u00a0B65208332<\/li>\n<li><strong>Domicilio:<\/strong>\u00a0C\/ Balmes, 272 3\u00ba, 08006 Barcelona &#8211; Espa\u00f1a.<\/li>\n<li><strong>Tel\u00e9fono: <\/strong>932181750<\/li>\n<li><strong>Correo electr\u00f3nico:<\/strong> info@huskysgroup.com<\/li>\n<\/ul>\n<p>&nbsp;<\/p>\n<h2>3. \u00bfC\u00f3mo hemos obtenido los datos y cu\u00e1l es su finalidad?<\/h2>\n<p>Cuando el usuario se conecta a https:\/\/huskysgroup.com para rellenar y enviar un formulario, suscribirse o realizar alguna contrataci\u00f3n, est\u00e1 facilitando informaci\u00f3n de car\u00e1cter personal de la que es responsable <strong>HUSKY\u00b4S Exclusive Private Services<\/strong>. Esa informaci\u00f3n puede incluir como pueden ser su nombre, direcci\u00f3n f\u00edsica, direcci\u00f3n de correo electr\u00f3nico, n\u00famero de tel\u00e9fono, y otra informaci\u00f3n. Al facilitar esta informaci\u00f3n, da su consentimiento para que esa informaci\u00f3n sea recopilada, utilizada, gestionada y almacenada como se describe en el <a href=\"https:\/\/huskysgroup.com\/es\/aviso-legal\/\">aviso legal<\/a> y en la presente pol\u00edtica de privacidad.<\/p>\n<p>En https:\/\/huskysgroup.com usamos un tres m\u00e9todos de captura de informaci\u00f3n personal, a continuaci\u00f3n detallamos cuales son y con que finalidad:<\/p>\n<ul>\n<li><strong>Formulario\u00a0de contacto:<\/strong> En \u00e9ste solicitamos como dato personal el nombre, email y tel\u00e9fono. Y su finalidad es de mantener el contacto con el usuario mediante esos datos para dar respuesta a sus mensajes, dudas, quejas, comentarios o inquietudes que pueda tener relativas a la informaci\u00f3n incluida en el sitio Web, los servicios que se prestan a trav\u00e9s del sitio Web, el tratamiento de sus datos personales, cuestiones referentes a los textos legales incluidos en el sitio Web, as\u00ed como cualquier otra consulta que pueda tener y que no est\u00e9 sujeta a las condiciones del sitio Web o de la contrataci\u00f3n.<\/li>\n<li><strong>Formulario de informaci\u00f3n en una propiedad:<\/strong> El usuario dispone de un formulario de contacto en cada anuncio de propiedad que pueda encontrar en este sitio web. En \u00e9ste solicitamos el nombre, email y tel\u00e9fono, con la finalidad de poder contactarle y darle respuesta a su consulta inicial.<\/li>\n<li><strong>Bolet\u00edn de noticias: <\/strong>El usuario dispone de un formulario para darse de alta en el bolet\u00edn de noticas. En \u00e9ste solicitamos el nombre e email. La finalidad de \u00e9ste es la de informar al cliente sobre nuevas propiedades o promociones. Para gestionar estos boletines usamos al proveedor Mailchimp.<\/li>\n<\/ul>\n<p>Las comunicaciones que se realicen por correo electr\u00f3nico o por cualquier otro medio electr\u00f3nico, ser\u00e1n las necesarias para gestionar su solicitud. No obstante, ser\u00e1n aquellas que hayan sido consentidas o autorizadas expresamente por los destinatarios de conformidad con la Ley 34\/2002, de 11 de julio, de Servicios de la Sociedad de la Informaci\u00f3n y de Comercio Electr\u00f3nico, salvo lo dispuesto por el art\u00edculo 21.2 de esta misma Ley, permitiendo as\u00ed a HUSKY\u00b4S Exclusive Private Services enviar\u00a0comunicaciones comerciales referentes a productos o servicios que sean similares a los que inicialmente fueron objeto de contrataci\u00f3n por el cliente.<\/p>\n<p>&nbsp;<\/p>\n<h2>4. Principios que aplicaremos a la informaci\u00f3n personal<\/h2>\n<p>En el tratamiento de los datos personales, aplicaremos los siguientes principios que se ajustan a las exigencias del nuevo reglamento europeo de protecci\u00f3n de datos:<\/p>\n<ul>\n<li><strong>Principio de licitud, lealtad y transparencia:<\/strong> Siempre vamos a requerir el consentimiento del usuario para el tratamiento de sus datos personales para uno o varios fines espec\u00edficos que informaremos previamente con absoluta transparencia.<\/li>\n<li><strong>Principio de minimizaci\u00f3n de datos:<\/strong> Solo vamos a solicitar datos estrictamente necesarios en relaci\u00f3n con los fines para los que los requerimos. Los m\u00ednimos posibles.<\/li>\n<li><strong>Principio de integridad y confidencialidad:<\/strong> Los datos ser\u00e1n tratados de tal manera que se garantice una seguridad adecuada de los datos personales y se garantice confidencialidad. Debe saber que tomamos todas las precauciones necesarias para evitar el acceso no autorizado o uso indebido de los datos de nuestros usuarios por parte de terceros.<\/li>\n<\/ul>\n<p>&nbsp;<\/p>\n<h2>\u00a05.\u00a0\u00bfCu\u00e1les son los derechos del usuario cuando nos facilita sus datos?<\/h2>\n<p>Tiene el derecho de acceder a la informaci\u00f3n que sobre su persona est\u00e1 almacenada en nuestras bases de datos, rectificarla si existiera alguna errata, suprimirla, limitarla, oponerse a su tratamiento y retirar su consentimiento si ese fuera su deseo. Para ello debe de contactar con HUSKY\u00b4S Exclusive Private Services haciendo uso del formulario de la p\u00e1gina de <a href=\"https:\/\/huskysgroup.com\/es\/contacto\/\">contacto<\/a> o escribir un e-mail a la direcci\u00f3n de correo electr\u00f3nico info@huskysgroup.com\u00a0donde atenderemos gustosamente cualquier consulta, comentario o aclaraci\u00f3n requerida al respecto.<\/p>\n<p>El ejercicio de estos derechos es personal y debe por tanto ser ejercido directamente por el interesado, para realizar cualquier modificaci\u00f3n tiene que adjuntar una prueba v\u00e1lida en derecho como una copia del D.N.I. o equivalente.<\/p>\n<p>El usuario tiene el derecho a la tutela judicial efectiva y a presentar una reclamaci\u00f3n ante la autoridad de control, en este caso, la <a href=\"https:\/\/www.agpd.es\/\">Agencia de Protecci\u00f3n de Datos<\/a>, si considera que el tratamiento de datos personales que le conciernen infringe el Reglamento.<\/p>\n<p>&nbsp;<\/p>\n<h2>6. \u00bfA qu\u00e9 destinatarios se comunicar\u00e1n los datos?<\/h2>\n<div>\n<p>Para poder ofrecer un mejor servicio, hacemos uso de funcionalidades de terceros. Los datos pueden ser compartido con algunos o todos los terceros que se detallan a continuaci\u00f3n:<\/p>\n<ul>\n<li><strong>Google Analytics: <\/strong>Es un servicio de anal\u00edtica web prestado por Google, Inc., una compa\u00f1\u00eda de Delaware cuya oficina principal est\u00e1 en 1600 Amphitheatre Parkway, Mountain View (California), CA 94043, Estados Unidos (\u201cGoogle\u201d). Google Analytics utiliza &#8220;cookies&#8221;, para ayudar a https:\/\/huskysgroup.com\u00a0a analizar el uso que hacen los usuarios del sitio web. La informaci\u00f3n que genera la cookie acerca de su uso de https:\/\/huskysgroup.com\u00a0(incluyendo la direcci\u00f3n IP) ser\u00e1 directamente transmitida y archivada por Google en los servidores de Estados Unidos.<\/li>\n<li><strong>Yandex Metrica:<\/strong> Yandex Metrica 16 Lva Tolstogo St., Moscow 119021, Russia (\u201cYANDEX\u201d LLC). Yandex metrica utiliza &#8220;cookies&#8221;, que son archivos de texto ubicados en su ordenador, para ayudar al website a analizar el uso que hacen los usuarios del sitio web. La informaci\u00f3n que genera la cookie acerca de su uso del website ser\u00e1 directamente transmitida y archivada por Yandex. Usar\u00e1n esta informaci\u00f3n para recopilar informes de la actividad del sitio web y prestando otros servicios relacionados con la actividad del website y el uso de Internet.<\/li>\n<li><strong>Servicios de Yandex:<\/strong> Propiedad de\u00a0YANDEX LLC\u00a0con domicilio social en\u00a016 Leo Tolstoy St.\u00a0119021 Mosc\u00fa, Russia. Usamos una variedad de servicios ofrecidos por Yandex, como Yandex Mail, Yandex drive,\u00a0etc.. El usuario puede revisar en su <a href=\"https:\/\/yandex.ru\/legal\/disk_termsofuse\/\">p\u00e1gina oficial<\/a> la\u00a0pol\u00edtica que aplica para el uso de los datos.<\/li>\n<li><strong>Lucushost<\/strong>:\u00a0La web https:\/\/huskysgroup.com como otros servicios que usamos se encuentran alojados en los servidores proporcionados por Lucushost. El usuario puede consultar la pol\u00edtica de privacidad y dem\u00e1s aspectos legales de dicha compa\u00f1\u00eda en el siguiente enlace: <a href=\"https:\/\/www.lucushost.com\">https:\/\/www.lucushost.com.<\/a><\/li>\n<li><strong>Mailchimp:<\/strong> Para gestionar los boletines de noticias hacemos uso del servicio ofrecido por Mailchimp, una plataforma de automatizaci\u00f3n de marketing que ayuda a compartir campa\u00f1as de correo electr\u00f3nico y publicitarias con los clientes. Los datos que recabamos ser\u00e1n guardados en sus servidores ubicados en EEUU. El usuario puede consultar la pol\u00edtica de privacidad y dem\u00e1s aspectos legales de dicha compa\u00f1\u00eda en el siguiente enlace: <a href=\"https:\/\/mailchimp.com\/legal\/\">https:\/\/mailchimp.com\/legal\/.<\/a><\/li>\n<li><strong>Openstreetmap: <\/strong>Usamos los mapas proporcionados por Openstreetmap para poder mostrar al usuario la ubicaci\u00f3n de la propiedad en un mapa interactivo. El usuario puede\u00a0revisar la pol\u00edtica que aplica en el siguiente enlace: <a href=\"https:\/\/wiki.osmfoundation.org\/wiki\/Privacy_Policy\">https:\/\/wiki.osmfoundation.org\/wiki\/Privacy_Policy<\/a><\/li>\n<\/ul>\n<p>&nbsp;<\/p>\n<h2>7. Seguridad de los datos<\/h2>\n<p>Para proteger la informaci\u00f3n personal, HUSKY\u00b4S Exclusive Private Services toma las precauciones razonables y sigue las mejores pr\u00e1cticas de la industria para evitar su p\u00e9rdida, mal uso, acceso indebido, divulgaci\u00f3n, alteraci\u00f3n o destrucci\u00f3n de los mismos.<\/p>\n<p>La direcci\u00f3n https:\/\/huskysgroup.com dispone de un certificado de SSL emitido por una \u201cAutoridad de certificaci\u00f3n\u201d. Un protocolo de SSL \u2013 Secure Sockets Layer\u00a0 (en espa\u00f1ol \u00abcapa de puertos seguros) a\u00f1ade a la web una capa de seguridad y privacidad importante. El protocolo SSL interpone una capa adicional de cifrado a los datos que circulan entre los datos del usuario y del servidor donde est\u00e1 alojada la web, lo que garantiza que la informaci\u00f3n que se transmita no pueda ser le\u00edda por un tercero que intercepte las comunicaciones. Esta seguridad siempre ser\u00e1 identificada en la barra de direcciones de la web con la sigla inicial &lt;HTTPS&gt; indicando la \u201cS\u201d final que se est\u00e1 navegando en todo momento mediante una navegaci\u00f3n segura.<\/p>\n<\/div>\n<p>&nbsp;<\/p>\n<div>\n<h2>8. \u00bfPor cu\u00e1nto tiempo conservaremos los datos?<\/h2>\n<p>Los datos personales proporcionados se conservar\u00e1n durante el tiempo legalmente establecido o hasta que el usuario nos solicite eliminarlos.<\/p>\n<\/div>\n<p>&nbsp;<\/p>\n<div>\n<h2>9. Transferencias y cesiones de datos<\/h2>\n<p><strong>HUSKY\u00b4S Exclusive Private Services<\/strong> informa al usuario de que sus datos personales no ser\u00e1n vendidos ni cedidos a terceras organizaciones, con la salvedad de que dicha cesi\u00f3n de datos este amparada en una obligaci\u00f3n legal o cuando la prestaci\u00f3n de un servicio implique la necesidad de una relaci\u00f3n contractual con un encargado de tratamiento.<\/p>\n<p>&nbsp;<\/p>\n<h2>10. Contenido de otros sitios web<\/h2>\n<\/div>\n<div>\n<p>Los art\u00edculos de este sitio pueden incluir contenido incrustado (por ejemplo, v\u00eddeos, im\u00e1genes, art\u00edculos, etc.). El contenido incrustado de otras web se comporta exactamente de la misma manera que si el visitante hubiera visitado la otra web.<\/p>\n<p>Estas web pueden recopilar datos sobre el usuario, utilizando cookies, incrustar un seguimiento adicional de terceros, y supervisar su interacci\u00f3n con ese contenido incrustado, incluido el seguimiento de su interacci\u00f3n con el contenido incrustado si tiene una cuenta y est\u00e1 conectado a esa web.<\/p>\n<p>&nbsp;<\/p>\n<h2>11. Exactitud y veracidad de los datos<\/h2>\n<p>Como <strong>u<\/strong><strong>suario<\/strong>, \u00e9l es \u00fanico responsable de la veracidad y correcci\u00f3n de los datos que remita a <strong>HUSKY\u00b4S Exclusive Private Services <\/strong>exonerando a <strong>HUSKY\u00b4S Exclusive Private Services<\/strong>, de cualquier responsabilidad al respecto.<\/p>\n<p>El <strong>u<\/strong><strong>suario<\/strong> garantiza y responde, en cualquier caso, de la exactitud, vigencia y autenticidad de los datos personales facilitados, y se compromete a mantenerlos debidamente actualizados. El <strong>u<\/strong><strong>suario<\/strong> acepta proporcionar informaci\u00f3n completa y correcta en el formulario de contacto o suscripci\u00f3n.<\/p>\n<p>&nbsp;<\/p>\n<h2>12. Cookies<\/h2>\n<p>Informamos, para que https:\/\/huskysgroup.com\u00a0funcione correctamente necesita utilizar cookies, que es informaci\u00f3n que se almacena en el\u00a0 navegador del usuario. En la p\u00e1gina <a href=\"https:\/\/huskysgroup.com\/es\/politica-cookies\/\">pol\u00edtica de cookies<\/a>\u00a0se puede consultar toda la informaci\u00f3n relativa a la pol\u00edtica de recogida, la finalidad y el tratamiento de las cookies.<\/p>\n<p>&nbsp;<\/p>\n<h2>13. Navegaci\u00f3n Web<\/h2>\n<p>Al navegar por https:\/\/huskysgroup.com\u00a0se pueden recoger datos no identificables, que pueden incluir, direcciones IP, ubicaci\u00f3n geogr\u00e1fica (aproximadamente), un registro de c\u00f3mo se utilizan los servicios y sitios, y otros datos que no pueden ser utilizados para identificar al <strong>u<\/strong><strong>suario<\/strong>. Entre los datos no identificativos est\u00e1n tambi\u00e9n los relacionados a los h\u00e1bitos de navegaci\u00f3n a trav\u00e9s de servicios de terceros.<\/p>\n<p>Utilizamos esta informaci\u00f3n para analizar tendencias, administrar el sitio, rastrear los movimientos de los usuarios alrededor del sitio y para recopilar informaci\u00f3n demogr\u00e1fica sobre nuestra base de usuarios en su conjunto.<\/p>\n<p>&nbsp;<\/p>\n<h2>14. Plugins Sociales<\/h2>\n<p>Nuestro sitio web utiliza plugins de distintas redes sociales. Con ayuda de estos plugins, el usuario puede, por ejemplo, compartir contenidos de una manera r\u00e1pida y f\u00e1cil.<\/p>\n<p>Mediante la integraci\u00f3n de los plugins, la red social recibe informaci\u00f3n de que se ha accedido a la correspondiente p\u00e1gina de nuestro sitio web. Si ha iniciado una sesi\u00f3n con la red social, entonces esta podr\u00e1 asociar la visita a una cuenta. Si se interact\u00faa con los plugins, por ejemplo, accionando el bot\u00f3n \u201cme gusta\u201d de Facebook o se hace un comentario, el navegador transmitir\u00e1 la correspondiente informaci\u00f3n directamente a la red social y se almacenar\u00e1 all\u00ed.<\/p>\n<p>Si se desea m\u00e1s informaci\u00f3n sobre la finalidad y el alcance de la recogida de datos y del posterior procesamiento y utilizaci\u00f3n de los datos por parte de las redes sociales, as\u00ed como sobre sus derechos y las posibilidades de configuraci\u00f3n a efectos de proteger su privacidad, la podr\u00e1 obtener en las pol\u00edticas de protecci\u00f3n de datos de las respectivas redes sociales o p\u00e1ginas web. A continuaci\u00f3n\u00a0 detallamos algunas y sus enlaces:<\/p>\n<ul>\n<li><strong>Instagram:<\/strong> Propiedad de\u00a0Instagram, LLC Opt-out 1601 Willow Rd. Menlo Park, CA 94025. <a href=\"https:\/\/www.instagram.com\/about\/legal\/privacy\">Pol\u00edtica de privacidad<\/a><\/li>\n<li><strong>Facebook: <\/strong>Propiedad de Facebook Inc., 1601 S. California Ave, Palo Alto, CA 94304, EE. UU. (&#8220;Facebook&#8221;). <a href=\"https:\/\/www.facebook.com\/about\/privacy\/\">Pol\u00edtica de privacidad<\/a><\/li>\n<li><strong>Twitter<\/strong>: Propiedad de Twitter Inc., 795 Folsom St., Suite 600, San Francisco, CA 94107, EE. UU. (\u201eTwitter\u201c). <a href=\"https:\/\/twitter.com\/privacy\">Pol\u00edtica de privacidad<\/a><\/li>\n<li><strong>Pinterest:<\/strong> Propiedad de Pinterest Inc., 635 High Street, Palo Alto, CA, EE. UU. Pinterest\u201c). <a href=\"https:\/\/policy.pinterest.com\/es\/privacy-policy-2016\">Pol\u00edtica de privacidad<\/a><\/li>\n<li><strong>Whastapp: <\/strong>Propiedad de Facebook Inc., 1601 S. California Ave, Palo Alto, CA 94304, EE. UU. (&#8220;Facebook&#8221;). <a href=\"https:\/\/www.whatsapp.com\/legal\/?lang=es\">Pol\u00edtica de privacidad<\/a><\/li>\n<\/ul>\n<p>Si el usuario no desea que las redes sociales recopilen informaci\u00f3n sobre \u00e9l a trav\u00e9s de nuestro sitio web, ha de finalizar la sesi\u00f3n en estas redes sociales antes de visitar nuestro sitio web o tambi\u00e9n se puede elegir en el navegador la opci\u00f3n de \u201cBloquear cookies de terceros\u201d. En este caso, el navegador no env\u00eda ninguna cookie al servidor cuando encuentra contenidos embebidos de otros ofertantes. Sin embargo, con esta configuraci\u00f3n, adem\u00e1s de los plugins, podr\u00eda ser que no funcionasen otras funciones referidas a varias p\u00e1ginas.<\/p>\n<p>&nbsp;<\/p>\n<\/div>\n<div>\n<h2>15. Legitimaci\u00f3n para el tratamiento de datos<\/h2>\n<\/div>\n<div>\n<p>La base legal para el tratamiento de los datos del usuario es: el consentimiento.<\/p>\n<p>Para contactar con el HUSKY\u00b4S Exclusive Private Services, suscribirse a un bolet\u00edn o realizar comentarios en este sitio Web, el usuario tiene que aceptar la presente pol\u00edtica de privacidad.<\/p>\n<p>&nbsp;<\/p>\n<h2>16. Aceptaci\u00f3n y consentimiento<\/h2>\n<div>El <strong>u<\/strong><strong>suario<\/strong> declara haber sido informado de las condiciones sobre protecci\u00f3n de datos de car\u00e1cter personal, aceptando y consintiendo el tratamiento de los mismos por parte de <strong>HUSKY\u00b4S Exclusive Private Services<\/strong> en la forma y para las finalidades indicadas en esta pol\u00edtica de privacidad.<\/div>\n<p>&nbsp;<\/p>\n<h2>17. Cambios en la Pol\u00edtica de Privacidad<\/h2>\n<\/div>\n<div><strong>HUSKY\u00b4S Exclusive Private Services<\/strong> se reserva el derecho a modificar la presente pol\u00edtica sin previo aviso para adaptarla a novedades legislativas o jurisprudenciales, as\u00ed como a pr\u00e1cticas de la industria,\u00a0por lo que la versi\u00f3n publicada por <strong>HUSKY\u00b4S Exclusive Private Services<\/strong> puede ser diferente en cada momento en que el <strong>u<\/strong><strong>suario<\/strong> acceda al Portal. Por tanto, el <strong>u<\/strong><strong>suario<\/strong> debe leer la pol\u00edtica de privacidad en todas y cada una de las ocasiones en que acceda a https:\/\/huskysgroup.com.<\/div>\n<div>Estas pol\u00edticas estar\u00e1n vigentes hasta que sean modificadas por otras debidamente publicadas.<\/div>\n<p>&nbsp;<\/p>\n<h2>18. Contacto<\/h2>\n<div>Para preguntas y\/o comentarios sobre nuestra pol\u00edtica de privacidad y esta declaraci\u00f3n, el usuario puede ponerse en contacto con nosotros enviando un mail a info@huskysgroup.com o mediante el formulario de nuestra p\u00e1gina de <a href=\"https:\/\/huskysgroup.com\/es\/contacto\/\">contacto.<\/a><\/div>\n","protected":false},"excerpt":{"rendered":"<p>1. Introducci\u00f3n HUSKY\u00b4S Exclusive Private Services (en adelante: &#8220;sitio web\u201d), sensibilizado con las necesidades de los usuarios de Internet y consciente de la importancia de la rigurosa privacidad de la informaci\u00f3n personal que nos conf\u00edan, incluye esta declaraci\u00f3n de privacidad con el objeto de que al usuario sea consciente de la pol\u00edtica de privacidad en [&hellip;]<\/p>\n","protected":false},"author":1,"featured_media":0,"parent":0,"menu_order":0,"comment_status":"closed","ping_status":"open","template":"","meta":[],"yoast_head":"<!-- This site is optimized with the Yoast SEO Premium plugin v16.0.2 - https:\/\/yoast.com\/wordpress\/plugins\/seo\/ -->\n<title>Pol\u00edtica de privacidad | Husky&#039;s Group<\/title>\n<meta name=\"description\" content=\"Consulta nuestra Pol\u00edtica de Privacidad para ver como son tratados tus datos. Explicada de una manera clara, sencilla y transparente.\" \/>\n<meta name=\"robots\" content=\"index, follow, max-snippet:-1, max-image-preview:large, max-video-preview:-1\" \/>\n<link rel=\"canonical\" href=\"https:\/\/huskysgroup.com\/es\/politica-privacidad\/\" \/>\n<meta property=\"og:locale\" content=\"es_ES\" \/>\n<meta property=\"og:type\" content=\"article\" \/>\n<meta property=\"og:title\" content=\"Pol\u00edtica de privacidad | Husky&#039;s Group\" \/>\n<meta property=\"og:description\" content=\"Consulta nuestra Pol\u00edtica de Privacidad para ver como son tratados tus datos. Explicada de una manera clara, sencilla y transparente.\" \/>\n<meta property=\"og:url\" content=\"https:\/\/huskysgroup.com\/es\/politica-privacidad\/\" \/>\n<meta property=\"og:site_name\" content=\"Husky&#039;s Group\" \/>\n<meta property=\"article:modified_time\" content=\"2021-06-02T08:22:29+00:00\" \/>\n<meta name=\"twitter:card\" content=\"summary_large_image\" \/>\n<meta name=\"twitter:label1\" content=\"Tiempo de lectura\">\n\t<meta name=\"twitter:data1\" content=\"11 minutos\">\n<script type=\"application\/ld+json\" class=\"yoast-schema-graph\">{\"@context\":\"https:\/\/schema.org\",\"@graph\":[{\"@type\":\"Organization\",\"@id\":\"https:\/\/huskysgroup.com\/#organization\",\"name\":\"Husky's Group\",\"url\":\"https:\/\/huskysgroup.com\/\",\"sameAs\":[],\"logo\":{\"@type\":\"ImageObject\",\"@id\":\"https:\/\/huskysgroup.com\/#logo\",\"inLanguage\":\"es\",\"url\":\"https:\/\/huskysgroup.com\/wp-content\/uploads\/2021\/02\/huskys-logo-2.jpg\",\"width\":492,\"height\":328,\"caption\":\"Husky's Group\"},\"image\":{\"@id\":\"https:\/\/huskysgroup.com\/#logo\"}},{\"@type\":\"WebSite\",\"@id\":\"https:\/\/huskysgroup.com\/#website\",\"url\":\"https:\/\/huskysgroup.com\/\",\"name\":\"Husky&#039;s Group\",\"description\":\"All New Construction Promotions in Barcelona\",\"publisher\":{\"@id\":\"https:\/\/huskysgroup.com\/#organization\"},\"potentialAction\":[{\"@type\":\"SearchAction\",\"target\":\"https:\/\/huskysgroup.com\/?s={search_term_string}\",\"query-input\":\"required name=search_term_string\"}],\"inLanguage\":\"es\"},{\"@type\":\"WebPage\",\"@id\":\"https:\/\/huskysgroup.com\/es\/politica-privacidad\/#webpage\",\"url\":\"https:\/\/huskysgroup.com\/es\/politica-privacidad\/\",\"name\":\"Pol\\u00edtica de privacidad | Husky&#039;s Group\",\"isPartOf\":{\"@id\":\"https:\/\/huskysgroup.com\/#website\"},\"datePublished\":\"2021-02-13T14:15:37+00:00\",\"dateModified\":\"2021-06-02T08:22:29+00:00\",\"description\":\"Consulta nuestra Pol\\u00edtica de Privacidad para ver como son tratados tus datos. Explicada de una manera clara, sencilla y transparente.\",\"breadcrumb\":{\"@id\":\"https:\/\/huskysgroup.com\/es\/politica-privacidad\/#breadcrumb\"},\"inLanguage\":\"es\",\"potentialAction\":[{\"@type\":\"ReadAction\",\"target\":[\"https:\/\/huskysgroup.com\/es\/politica-privacidad\/\"]}]},{\"@type\":\"BreadcrumbList\",\"@id\":\"https:\/\/huskysgroup.com\/es\/politica-privacidad\/#breadcrumb\",\"itemListElement\":[{\"@type\":\"ListItem\",\"position\":1,\"item\":{\"@type\":\"WebPage\",\"@id\":\"https:\/\/huskysgroup.com\/en\/\",\"url\":\"https:\/\/huskysgroup.com\/en\/\",\"name\":\"Inicio\"}},{\"@type\":\"ListItem\",\"position\":2,\"item\":{\"@type\":\"WebPage\",\"@id\":\"https:\/\/huskysgroup.com\/es\/politica-privacidad\/\",\"url\":\"https:\/\/huskysgroup.com\/es\/politica-privacidad\/\",\"name\":\"Pol\\u00edtica de privacidad\"}}]}]}<\/script>\n<!-- \/ Yoast SEO Premium plugin. -->","_links":{"self":[{"href":"https:\/\/huskysgroup.com\/es\/wp-json\/wp\/v2\/pages\/9662"}],"collection":[{"href":"https:\/\/huskysgroup.com\/es\/wp-json\/wp\/v2\/pages"}],"about":[{"href":"https:\/\/huskysgroup.com\/es\/wp-json\/wp\/v2\/types\/page"}],"author":[{"embeddable":true,"href":"https:\/\/huskysgroup.com\/es\/wp-json\/wp\/v2\/users\/1"}],"replies":[{"embeddable":true,"href":"https:\/\/huskysgroup.com\/es\/wp-json\/wp\/v2\/comments?post=9662"}],"version-history":[{"count":1,"href":"https:\/\/huskysgroup.com\/es\/wp-json\/wp\/v2\/pages\/9662\/revisions"}],"predecessor-version":[{"id":11352,"href":"https:\/\/huskysgroup.com\/es\/wp-json\/wp\/v2\/pages\/9662\/revisions\/11352"}],"wp:attachment":[{"href":"https:\/\/huskysgroup.com\/es\/wp-json\/wp\/v2\/media?parent=9662"}],"curies":[{"name":"wp","href":"https:\/\/api.w.org\/{rel}","templated":true}]}}