{"id":9658,"date":"2021-04-24T20:52:46","date_gmt":"2021-04-24T18:52:46","guid":{"rendered":"https:\/\/huskysgroup.com\/aviso-legal\/"},"modified":"2021-06-02T10:11:32","modified_gmt":"2021-06-02T08:11:32","slug":"aviso-legal","status":"publish","type":"page","link":"https:\/\/huskysgroup.com\/es\/aviso-legal\/","title":{"rendered":"Aviso legal"},"content":{"rendered":"<h2>1. Introducci\u00f3n<\/h2>\n<p>El presente aviso legal regula las condiciones generales de acceso y utilizaci\u00f3n del sitio web accesible en la direcci\u00f3n URL https:\/\/huskysgroup.com\/ (en adelante, el &#8220;sitio web&#8221;), que <strong>HUSKY\u00b4S Exclusive Private Services<\/strong> pone a disposici\u00f3n de los usuarios de Internet.<\/p>\n<p>&nbsp;<\/p>\n<h2>2. Titularidad del sitio web<\/h2>\n<p>En cumplimiento del art\u00edculo 10 de la Ley 34\/2002, de 11 de julio, de Servicios de la Sociedad de la Informaci\u00f3n y Comercio Electr\u00f3nico, a continuaci\u00f3n se exponen los datos identificativos del titular.<\/p>\n<ul>\n<li><strong>Raz\u00f3n Social de la Empresa:<\/strong>\u00a0HUSKY\u00b4S Exclusive Private Services S.L.U.<\/li>\n<li><strong>Nombre del titular:\u00a0<\/strong>HUSKY\u00b4S Exclusive Private Services S.L.U.<\/li>\n<li><strong>Domicilio social:<\/strong>\u00a0C\/ Balmes, 272 \u00a03\u00ba<\/li>\n<li><strong>Provincia:\u00a0<\/strong>Barcelona<\/li>\n<li><strong>C.P.:<\/strong>\u00a008006<\/li>\n<li><strong>C.I.F.:\u00a0<\/strong>B65208332<\/li>\n<li><strong>Tel\u00e9fono de contacto:<\/strong>\u00a0932181750<\/li>\n<li><strong>Correo electr\u00f3nico:\u00a0<\/strong>info@huskysgroup.com<\/li>\n<\/ul>\n<p>&nbsp;<\/p>\n<h2>3. Finalidad<\/h2>\n<p>El sitio web facilita a los usuarios el acceso a informaci\u00f3n y servicios prestados por <strong>HUSKY\u00b4S Exclusive Private Services <\/strong>a aquellas personas u organizaciones interesadas en los mismos.<\/p>\n<p>&nbsp;<\/p>\n<h2>4. Condiciones de Uso<\/h2>\n<p>La utilizaci\u00f3n de https:\/\/huskysgroup.com\/ otorga la condici\u00f3n de <strong>usuario<\/strong> de la p\u00e1gina web, e implica la aceptaci\u00f3n completa de todas las cl\u00e1usulas y condiciones incluidas en:<\/p>\n<ul>\n<li><a href=\"https:\/\/huskysgroup.com\/es\/aviso-legal\/\">Aviso legal<\/a><\/li>\n<li><a href=\"https:\/\/huskysgroup.com\/es\/politica-privacidad\/\">Pol\u00edtica de privacidad<\/a><\/li>\n<li><a href=\"https:\/\/huskysgroup.com\/es\/politica-cookies\/\">Pol\u00edtica de cookies<\/a><\/li>\n<\/ul>\n<p>En consecuencia, el <strong>u<\/strong><strong>suario<\/strong> del sitio web debe leer atentamente el presente aviso legal en cada una de las ocasiones en que se proponga utilizar la web, ya que el texto podr\u00eda sufrir modificaciones a criterio del titular de la web, o a causa de un cambio legislativo, jurisprudencial o en la pr\u00e1ctica empresarial.<\/p>\n<p>Si el <strong>usuario<\/strong> no estuviera conforme con las cl\u00e1usulas y condiciones de uso de este aviso legal, se abstendr\u00e1 de utilizar https:\/\/huskysgroup.com\/.<\/p>\n<p>El <strong>u<\/strong><strong>suario<\/strong> est\u00e1 obligado y se compromete a utilizar https:\/\/huskysgroup.com\/ y los contenidos de conformidad con la legislaci\u00f3n vigente, el aviso legal, y cualquier otro aviso o instrucciones puestos en su conocimiento, bien sea por medio de este aviso legal o en cualquier otro lugar dentro de los contenidos que conforman https:\/\/huskysgroup.com\/, as\u00ed como con las normas de convivencia, la moral y buenas costumbres generalmente aceptadas. A tal efecto, el <strong>u<\/strong><strong>suario<\/strong> se obliga y compromete a NO utilizar cualquiera de los contenidos con fines o efectos il\u00edcitos, prohibidos en el aviso legal o por la legislaci\u00f3n vigente, lesivos de los derechos e intereses de terceros, o que de cualquier forma puedan da\u00f1ar, inutilizar, sobrecargar, deteriorar o impedir la normal utilizaci\u00f3n de los contenidos, los equipos inform\u00e1ticos o los documentos, archivos y toda clase de contenidos almacenados en cualquier equipo inform\u00e1tico propios o contratados por <strong>HUSKY\u00b4S Exclusive Private Services<\/strong>.<\/p>\n<p>El <strong>u<\/strong><strong>suario<\/strong> se obliga y se compromete a no transmitir, difundir o poner a disposici\u00f3n de terceros cualquier clase de material contenido en https:\/\/huskysgroup.com\/, tales como informaciones, textos, datos, contenidos, mensajes, gr\u00e1ficos, dibujos, archivos de sonido y\/o imagen, fotograf\u00edas, grabaciones, software, logotipos, marcas, iconos y c\u00f3digos fuente, o cualquier otro material al que tuviera acceso en su condici\u00f3n de <strong>u<\/strong><strong>suario<\/strong> de https:\/\/huskysgroup.com\/, sin que esta enumeraci\u00f3n tenga car\u00e1cter limitativo. Asimismo, de conformidad con todo ello, el <strong>u<\/strong><strong>suario<\/strong> no podr\u00e1:<\/p>\n<ul>\n<li>Reproducir, copiar, distribuir, poner a disposici\u00f3n o de cualquier otra forma comunicar p\u00fablicamente, transformar o modificar los contenidos, a menos que se cuente con la autorizaci\u00f3n escrita y expl\u00edcita de <strong>HUSKY\u00b4S Exclusive Private Services<\/strong>, que es titular de los correspondientes derechos, o bien que ello resulte legalmente permitido.<\/li>\n<li>Suprimir, manipular o de cualquier forma alterar el \u201ccopyright\u201d y dem\u00e1s datos identificativos de la reserva de derechos de <strong>HUSKY\u00b4S Exclusive Private Services<\/strong> o de sus titulares, de las huellas y\/o identificadores digitales, marcas de agua, o de cualesquiera otros medios t\u00e9cnicos establecidos para su reconocimiento.<\/li>\n<\/ul>\n<p><strong>HUSKY\u00b4S Exclusive Private Services<\/strong> se reserva el derecho de retirar todos aquellos comentarios que vulneren la legislaci\u00f3n vigente, lesivos de los derechos o intereses de terceros, o que, a su juicio, no resulten adecuados para su publicaci\u00f3n.<\/p>\n<p><strong>HUSKY\u00b4S Exclusive Private Services<\/strong> no ser\u00e1 responsable de las opiniones vertidas por los usuarios a trav\u00e9s del sistema de comentarios, redes sociales u otras herramientas de participaci\u00f3n, conforme a lo previsto en la normativa de aplicaci\u00f3n.<\/p>\n<p>El <strong>u<\/strong><strong>suario<\/strong> deber\u00e1 abstenerse de obtener e incluso de intentar obtener los contenidos empleando para ello medios o procedimientos distintos de los que, seg\u00fan los casos, se hayan puesto a su disposici\u00f3n a este efecto o se hayan indicado a este efecto en las p\u00e1ginas web donde se encuentren los contenidos o, en general, de los que se empleen habitualmente en internet a este efecto siempre que no entra\u00f1en un riesgo de da\u00f1o o inutilizaci\u00f3n de https:\/\/huskysgroup.com\/, y\/o de los contenidos.<\/p>\n<p>&nbsp;<\/p>\n<h2><span style=\"color: #333333;\">5. Medidas de seguridad<\/span><\/h2>\n<p><span style=\"color: #333333;\">La direcci\u00f3n\u00a0https:\/\/huskysgroup.com\/\u00a0dispone de un certificado de SSL emitido por una \u201cAutoridad de certificaci\u00f3n\u201d. Un protocolo de SSL \u2013 Secure Sockets Layer\u00a0 (en espa\u00f1ol \u00abcapa de puertos seguros) a\u00f1ade a la web una capa de seguridad y privacidad importante. El protocolo SSL interpone una capa adicional de cifrado a los datos que circulan entre los datos del usuario y del servidor donde est\u00e1 alojada la web, lo que garantiza que la informaci\u00f3n que se transmita no pueda ser le\u00edda por un tercero que intercepte las comunicaciones. Esta seguridad siempre ser\u00e1 identificada en la barra de direcciones de la web con la sigla inicial indicando la \u201cS\u201d final que se est\u00e1 navegando en todo momento mediante una navegaci\u00f3n segura. <\/span><\/p>\n<p><span style=\"color: #333333;\">El <strong>u<\/strong><strong>suario<\/strong> debe ser consciente de que las medidas de seguridad de los sistemas inform\u00e1ticos en Internet no son enteramente fiables y que, por tanto <strong>HUSKY\u00b4S Exclusive Private Services<\/strong> no puede garantizar la inexistencia de virus u otros elementos que puedan producir alteraciones en los sistemas inform\u00e1ticos (software y hardware) del <strong>u<\/strong><strong>suario<\/strong> o en sus documentos electr\u00f3nicos y ficheros contenidos en los mismos aunque se ponen todos los medios necesarios y las medidas de seguridad oportunas para evitar la presencia de estos elementos da\u00f1inos.<\/span><\/p>\n<p>&nbsp;<\/p>\n<h2>6. Pol\u00edtica de privacidad y pol\u00edtica de cookies<\/h2>\n<p>En los siguientes enlaces se puede acceder a toda la informaci\u00f3n con respecto a la pol\u00edtica de privacidad, que contiene la pol\u00edtica de protecci\u00f3n de datos de car\u00e1cter personal, as\u00ed como la pol\u00edtica de cookies del sitio web.<\/p>\n<ul>\n<li><a href=\"https:\/\/huskysgroup.com\/es\/politica-privacidad\/\">Pol\u00edtica de privacidad<\/a><\/li>\n<li><a href=\"https:\/\/huskysgroup.com\/es\/politica-cookies\/\">Pol\u00edtica de cookies<\/a><\/li>\n<\/ul>\n<p>&nbsp;<\/p>\n<h2>7. Contenidos de la web<\/h2>\n<p><strong>HUSKY\u00b4S Exclusive Private Services<\/strong> no se responsabiliza de la no comprensi\u00f3n o entendimiento del idioma de la web por el <strong>u<\/strong><strong>suario<\/strong>, ni de sus consecuencias.<\/p>\n<p><strong>HUSKY\u00b4S Exclusive Private Services<\/strong> ha obtenido la informaci\u00f3n y los materiales incluidos en internet de fuentes que considera fiables, pero, si bien se han tomado medidas razonables para asegurarse de que la informaci\u00f3n contenida es correcta, <strong>HUSKY\u00b4S Exclusive Private Services<\/strong> no garantiza que sea exacta, completa, o actualizada. <strong>HUSKY\u00b4S Exclusive Private Services<\/strong> declina expresamente cualquier responsabilidad por error u omisi\u00f3n en la informaci\u00f3n contenida en las p\u00e1ginas de https:\/\/huskysgroup.com\/. La informaci\u00f3n contenida en las p\u00e1ginas que componen este portal s\u00f3lo tiene car\u00e1cter informativo, consultivo, divulgativo y publicitario. En ning\u00fan caso ofrecen ni tienen car\u00e1cter de compromiso vinculante o contractual.<\/p>\n<p>Queda prohibido transmitir o enviar a trav\u00e9s de la web cualquier contenido ilegal o il\u00edcito, virus inform\u00e1ticos, o mensajes que, en general, afecten o violen derechos de <strong>HUSKY\u00b4S Exclusive Private Services<\/strong> o de terceros.<\/p>\n<p>Se proh\u00edbe el uso de los contenidos de la web para promocionar, contratar o divulgar publicidad o informaci\u00f3n propia o de terceras personas sin la autorizaci\u00f3n de <strong>HUSKY\u00b4S Exclusive Private Services<\/strong>, ni remitir publicidad o informaci\u00f3n vali\u00e9ndose para ello de los servicios o informaci\u00f3n que se ponen a disposici\u00f3n de los usuarios, independientemente de si la utilizaci\u00f3n es gratuita o no.<\/p>\n<p>Los enlaces o hiperenlaces que incorporen terceros en sus p\u00e1ginas web, dirigidos a esta web, ser\u00e1n para la apertura de la p\u00e1gina web completa, no pudiendo manifestar, directa o indirectamente, indicaciones falsas, inexactas o confusas, ni incurrir en acciones desleales o il\u00edcitas en contra de <strong>HUSKY\u00b4S Exclusive Private Services.<\/strong><\/p>\n<p><strong>HUSKY\u00b4S Exclusive Private Services<\/strong> se reserva el derecho a modificar, suspender, cancelar o restringir el contenido de https:\/\/huskysgroup.com\/, los v\u00ednculos o la informaci\u00f3n obtenida a trav\u00e9s de ella, sin necesidad de previo aviso.<\/p>\n<p><strong>HUSKY\u00b4S Exclusive Private Services<\/strong> no es responsable de los datos y perjuicios que pudieran derivarse de la utilizaci\u00f3n de los documentos por el <strong>u<\/strong><strong>suario<\/strong>.<\/p>\n<p>&nbsp;<\/p>\n<h2>8. Limitaciones de responsabilidad y disponibilidad del sitio web<\/h2>\n<p><strong>HUSKY\u00b4S Exclusive Private Services<\/strong> no garantiza la inexistencia de interrupciones o errores en el acceso a https:\/\/huskysgroup.com\/, a sus contenidos, ni que \u00e9ste se encuentren actualizados, aunque desarrollar\u00e1 sus mejores esfuerzos para, en su caso, evitarlos, subsanarlos o actualizarlos. Por consiguiente, <strong>HUSKY\u00b4S Exclusive Private Services<\/strong> no se responsabiliza de los da\u00f1os o perjuicios de cualquier tipo producidos en el <strong>usuario<\/strong> que traigan causa de fallos o desconexiones en las redes de telecomunicaciones que produzcan la suspensi\u00f3n, cancelaci\u00f3n o interrupci\u00f3n del servicio del portal durante la prestaci\u00f3n del mismo o con car\u00e1cter previo.<\/p>\n<p><strong>HUSKY\u00b4S Exclusive Private Services<\/strong> excluye, con las excepciones contempladas en la legislaci\u00f3n vigente, cualquier responsabilidad por los da\u00f1os y perjuicios de toda naturaleza que puedan deberse a la falta de disponibilidad, continuidad o calidad del funcionamiento de https:\/\/huskysgroup.com\/ y de los contenidos, al no cumplimiento de la expectativa de utilidad que el <strong>u<\/strong><strong>suario<\/strong> hubiera podido atribuir a https:\/\/huskysgroup.com\/ y a los contenidos.<\/p>\n<p><strong>HUSKY\u00b4S Exclusive Private Services<\/strong> no se hace responsable de los contenidos de dichas p\u00e1ginas enlazadas, del funcionamiento o utilidad de los Hiperenlaces ni del resultado de dichos enlaces, ni garantiza la ausencia de virus u otros elementos en los mismos que puedan producir alteraciones en el sistema inform\u00e1tico (hardware y software), los documentos o los ficheros del <strong>u<\/strong><strong>suario<\/strong>, excluyendo cualquier responsabilidad por los da\u00f1os de cualquier clase causados al <strong>u<\/strong><strong>suario<\/strong> por este motivo.<\/p>\n<p>El acceso a https:\/\/huskysgroup.com\/ no implica la obligaci\u00f3n por parte de <strong>HUSKY\u00b4S Exclusive Private Services<\/strong> de controlar la ausencia de virus, gusanos o cualquier otro elemento inform\u00e1tico da\u00f1ino. Corresponde al <strong>u<\/strong><strong>suario<\/strong>, en todo caso, la disponibilidad de herramientas adecuadas para la detecci\u00f3n y desinfecci\u00f3n de programas inform\u00e1ticos da\u00f1inos, por lo tanto, <strong>HUSKY\u00b4S Exclusive Private Services<\/strong> no se hace responsable de los posibles errores de seguridad que se puedan producir durante la prestaci\u00f3n del servicio de https:\/\/huskysgroup.com\/, ni de los posibles da\u00f1os que puedan causarse al sistema inform\u00e1tico del <strong>u<\/strong><strong>suario<\/strong> o de terceros (hardware y software), los ficheros o documentos almacenados en el mismo, como consecuencia de la presencia de virus en el ordenador del <strong>u<\/strong><strong>suario<\/strong> utilizado para la conexi\u00f3n a los servicios y contenidos de la Web, de un mal funcionamiento del navegador o del uso de versiones no actualizadas del mismo.<\/p>\n<p>La prestaci\u00f3n del servicio de https:\/\/huskysgroup.com\/ y de los contenidos tiene, en principio, duraci\u00f3n indefinida. <strong>HUSKY\u00b4S Exclusive Private Services<\/strong>, no obstante, queda autorizado para dar por terminada o suspender la prestaci\u00f3n del servicio de https:\/\/huskysgroup.com\/ y\/o de cualquiera de los contenidos en cualquier momento. Cuando ello sea razonablemente posible, <strong>HUSKY\u00b4S Exclusive Private Services<\/strong> advertir\u00e1 previamente la terminaci\u00f3n o suspensi\u00f3n de https:\/\/huskysgroup.com\/.<\/p>\n<p>&nbsp;<\/p>\n<h2>9. Enlaces de acceso a otros sitios web<\/h2>\n<p><strong>HUSKY\u00b4S Exclusive Private Services<\/strong> proporciona al <strong>u<\/strong><strong>suario<\/strong> el acceso a otros sitios Web de terceros mediante enlaces con la finalidad exclusiva de informarle sobre la existencia de otras fuentes de informaci\u00f3n en Internet con las que podr\u00e1 ampliar los datos que se le ofrecen en https:\/\/huskysgroup.com\/.<\/p>\n<p>Estos enlaces a otros sitios web no suponen en ning\u00fan caso una sugerencia o recomendaci\u00f3n de visitar las p\u00e1ginas web de destino, que est\u00e1n fuera del control de <strong>HUSKY\u00b4S Exclusive Private Services<\/strong>, por lo que <strong>HUSKY\u00b4S Exclusive Private Services<\/strong> no es responsable del contenido de los sitios web vinculados ni del resultado obtenido por el <strong>u<\/strong><strong>suario<\/strong> al seguir los enlaces.<\/p>\n<p>Asimismo, <strong>HUSKY\u00b4S Exclusive Private Services<\/strong> no responde de los links o enlaces ubicados en los sitios vinculados a los que proporciona acceso.<\/p>\n<p>El establecimiento del enlace no implica en ning\u00fan caso la existencia de relaciones entre <strong>HUSKY\u00b4S Exclusive Private Services<\/strong> y el propietario del sitio en el que se establezca el enlace, ni la aceptaci\u00f3n o aprobaci\u00f3n por parte de <strong>HUSKY\u00b4S Exclusive Private Services<\/strong> de sus contenidos o servicios.<\/p>\n<p>Si el <strong>u<\/strong><strong>suario<\/strong> accede a un sitio externo desde un enlace que encuentre en https:\/\/huskysgroup.com\/ deber\u00e1 leer la propia pol\u00edtica de privacidad del otro sitio, que puede cambiar de la de https:\/\/huskysgroup.com\/.<\/p>\n<p>&nbsp;<\/p>\n<h2>10. Propiedad Intelectual<\/h2>\n<p>Todas las marcas, nombres comerciales o signos distintivos de cualquier clase que aparecen en https:\/\/huskysgroup.com\/ son propiedad de <strong>HUSKY\u00b4S Exclusive Private Services<\/strong> o, en su caso, de sus respectivos propietarios, sin que pueda entenderse que el uso o acceso al portal y\/o a los contenidos atribuya al <strong>u<\/strong><strong>suario<\/strong> derecho alguno sobre las citadas marcas, nombres comerciales y\/o signos distintivos y sin que puedan entenderse cedidos al <strong>u<\/strong><strong>suario<\/strong>, ninguno de los derechos de explotaci\u00f3n que existen o puedan existir sobre dichos contenidos.<\/p>\n<p>De igual modo los contenidos son propiedad intelectual de <strong>HUSKY\u00b4S Exclusive Private Services<\/strong>, o de terceros en su caso, por tanto, los derechos de Propiedad Intelectual son titularidad de <strong>HUSKY\u00b4S Exclusive Private Services<\/strong> o de terceros que han autorizado su uso, a quienes corresponde el ejercicio exclusivo de los derechos de explotaci\u00f3n de los mismos en cualquier forma y, en especial, los derechos de reproducci\u00f3n, distribuci\u00f3n, comunicaci\u00f3n p\u00fablica y transformaci\u00f3n. La utilizaci\u00f3n no autorizada de la informaci\u00f3n contenida en esta Web, as\u00ed como la lesi\u00f3n de los derechos de Propiedad Intelectual o Industrial de <strong>HUSKY\u00b4S Exclusive Private Services<\/strong> o de terceros incluidos en https:\/\/huskysgroup.com\/ que hayan cedido contenidos dar\u00e1 lugar a las responsabilidades legalmente establecidas.<\/p>\n<p>&nbsp;<\/p>\n<h2>11. Anuncios<\/h2>\n<p>Todos los anuncios publicados en la p\u00e1gina web con descripciones y precios son de car\u00e1cter informativo y no comprometen al autor con ningunas obligaciones legales.<\/p>\n<p>&nbsp;<\/p>\n<h2>12. Legislaci\u00f3n aplicable y jurisdicci\u00f3n competente<\/h2>\n<p>Las presentes Condiciones Generales y Pol\u00edticas del Sitio Web han sido redactadas en castellano, y traducidas a los otros idiomas presentes en el sitio web; en caso de discrepancia entre ambas versiones, prevalecer\u00e1 la versi\u00f3n espa\u00f1ola.<\/p>\n<p>Este aviso legal se rige \u00edntegramente por la legislaci\u00f3n espa\u00f1ola.<\/p>\n<p>Siempre que no haya una norma que obligue a otra cosa, para cuantas cuestiones se susciten sobre la interpretaci\u00f3n, aplicaci\u00f3n y cumplimiento de este Aviso Legal, as\u00ed como de las reclamaciones que puedan derivarse de su uso, las partes acuerdan someterse a los Jueces y Tribunales de la provincia de <strong>HUSKY\u00b4S Exclusive Private Services<\/strong>, con renuncia expresa de cualquier otra jurisdicci\u00f3n que pudiera corresponderles.<\/p>\n<p>&nbsp;<\/p>\n<h2>13. Contacto<\/h2>\n<p>En caso de que cualquier <strong>u<\/strong><strong>suario<\/strong> tuviese alguna duda acerca de estas condiciones legales o cualquier comentario sobre https:\/\/huskysgroup.com\/, puede enviar un correo a info@huskysgroup.com\u00a0o contactar mediante el formulario de la p\u00e1gina de <a href=\"https:\/\/huskysgroup.com\/es\/contacto\/\">contacto<\/a>.<\/p>\n","protected":false},"excerpt":{"rendered":"<p>1. Introducci\u00f3n El presente aviso legal regula las condiciones generales de acceso y utilizaci\u00f3n del sitio web accesible en la direcci\u00f3n URL https:\/\/huskysgroup.com\/ (en adelante, el &#8220;sitio web&#8221;), que HUSKY\u00b4S Exclusive Private Services pone a disposici\u00f3n de los usuarios de Internet. &nbsp; 2. Titularidad del sitio web En cumplimiento del art\u00edculo 10 de la Ley [&hellip;]<\/p>\n","protected":false},"author":1,"featured_media":0,"parent":0,"menu_order":0,"comment_status":"closed","ping_status":"closed","template":"","meta":[],"yoast_head":"<!-- This site is optimized with the Yoast SEO Premium plugin v16.0.2 - https:\/\/yoast.com\/wordpress\/plugins\/seo\/ -->\n<title>Aviso legal | Husky&#039;s Group<\/title>\n<meta name=\"description\" content=\"Nuestro Aviso Legal explicado de una manera clara y sencilla. Toda la informaci\u00f3n de quienes somos y como te afecta navegar por nuestra web.\" \/>\n<meta name=\"robots\" content=\"index, follow, max-snippet:-1, max-image-preview:large, max-video-preview:-1\" \/>\n<link rel=\"canonical\" href=\"https:\/\/huskysgroup.com\/es\/aviso-legal\/\" \/>\n<meta property=\"og:locale\" content=\"es_ES\" \/>\n<meta property=\"og:type\" content=\"article\" \/>\n<meta property=\"og:title\" content=\"Aviso legal | Husky&#039;s Group\" \/>\n<meta property=\"og:description\" content=\"Nuestro Aviso Legal explicado de una manera clara y sencilla. Toda la informaci\u00f3n de quienes somos y como te afecta navegar por nuestra web.\" \/>\n<meta property=\"og:url\" content=\"https:\/\/huskysgroup.com\/es\/aviso-legal\/\" \/>\n<meta property=\"og:site_name\" content=\"Husky&#039;s Group\" \/>\n<meta property=\"article:modified_time\" content=\"2021-06-02T08:11:32+00:00\" \/>\n<meta name=\"twitter:card\" content=\"summary_large_image\" \/>\n<meta name=\"twitter:label1\" content=\"Tiempo de lectura\">\n\t<meta name=\"twitter:data1\" content=\"11 minutos\">\n<script type=\"application\/ld+json\" class=\"yoast-schema-graph\">{\"@context\":\"https:\/\/schema.org\",\"@graph\":[{\"@type\":\"Organization\",\"@id\":\"https:\/\/huskysgroup.com\/#organization\",\"name\":\"Husky's Group\",\"url\":\"https:\/\/huskysgroup.com\/\",\"sameAs\":[],\"logo\":{\"@type\":\"ImageObject\",\"@id\":\"https:\/\/huskysgroup.com\/#logo\",\"inLanguage\":\"es\",\"url\":\"https:\/\/huskysgroup.com\/wp-content\/uploads\/2021\/02\/huskys-logo-2.jpg\",\"width\":492,\"height\":328,\"caption\":\"Husky's Group\"},\"image\":{\"@id\":\"https:\/\/huskysgroup.com\/#logo\"}},{\"@type\":\"WebSite\",\"@id\":\"https:\/\/huskysgroup.com\/#website\",\"url\":\"https:\/\/huskysgroup.com\/\",\"name\":\"Husky&#039;s Group\",\"description\":\"All New Construction Promotions in Barcelona\",\"publisher\":{\"@id\":\"https:\/\/huskysgroup.com\/#organization\"},\"potentialAction\":[{\"@type\":\"SearchAction\",\"target\":\"https:\/\/huskysgroup.com\/?s={search_term_string}\",\"query-input\":\"required name=search_term_string\"}],\"inLanguage\":\"es\"},{\"@type\":\"WebPage\",\"@id\":\"https:\/\/huskysgroup.com\/es\/aviso-legal\/#webpage\",\"url\":\"https:\/\/huskysgroup.com\/es\/aviso-legal\/\",\"name\":\"Aviso legal | Husky&#039;s Group\",\"isPartOf\":{\"@id\":\"https:\/\/huskysgroup.com\/#website\"},\"datePublished\":\"2021-04-24T18:52:46+00:00\",\"dateModified\":\"2021-06-02T08:11:32+00:00\",\"description\":\"Nuestro Aviso Legal explicado de una manera clara y sencilla. Toda la informaci\\u00f3n de quienes somos y como te afecta navegar por nuestra web.\",\"breadcrumb\":{\"@id\":\"https:\/\/huskysgroup.com\/es\/aviso-legal\/#breadcrumb\"},\"inLanguage\":\"es\",\"potentialAction\":[{\"@type\":\"ReadAction\",\"target\":[\"https:\/\/huskysgroup.com\/es\/aviso-legal\/\"]}]},{\"@type\":\"BreadcrumbList\",\"@id\":\"https:\/\/huskysgroup.com\/es\/aviso-legal\/#breadcrumb\",\"itemListElement\":[{\"@type\":\"ListItem\",\"position\":1,\"item\":{\"@type\":\"WebPage\",\"@id\":\"https:\/\/huskysgroup.com\/en\/\",\"url\":\"https:\/\/huskysgroup.com\/en\/\",\"name\":\"Inicio\"}},{\"@type\":\"ListItem\",\"position\":2,\"item\":{\"@type\":\"WebPage\",\"@id\":\"https:\/\/huskysgroup.com\/es\/aviso-legal\/\",\"url\":\"https:\/\/huskysgroup.com\/es\/aviso-legal\/\",\"name\":\"Aviso legal\"}}]}]}<\/script>\n<!-- \/ Yoast SEO Premium plugin. -->","_links":{"self":[{"href":"https:\/\/huskysgroup.com\/es\/wp-json\/wp\/v2\/pages\/9658"}],"collection":[{"href":"https:\/\/huskysgroup.com\/es\/wp-json\/wp\/v2\/pages"}],"about":[{"href":"https:\/\/huskysgroup.com\/es\/wp-json\/wp\/v2\/types\/page"}],"author":[{"embeddable":true,"href":"https:\/\/huskysgroup.com\/es\/wp-json\/wp\/v2\/users\/1"}],"replies":[{"embeddable":true,"href":"https:\/\/huskysgroup.com\/es\/wp-json\/wp\/v2\/comments?post=9658"}],"version-history":[{"count":1,"href":"https:\/\/huskysgroup.com\/es\/wp-json\/wp\/v2\/pages\/9658\/revisions"}],"predecessor-version":[{"id":11071,"href":"https:\/\/huskysgroup.com\/es\/wp-json\/wp\/v2\/pages\/9658\/revisions\/11071"}],"wp:attachment":[{"href":"https:\/\/huskysgroup.com\/es\/wp-json\/wp\/v2\/media?parent=9658"}],"curies":[{"name":"wp","href":"https:\/\/api.w.org\/{rel}","templated":true}]}}