{"id":9654,"date":"2021-04-24T20:52:15","date_gmt":"2021-04-24T18:52:15","guid":{"rendered":"https:\/\/huskysgroup.com\/politica-de-cookies\/"},"modified":"2021-06-02T10:21:05","modified_gmt":"2021-06-02T08:21:05","slug":"politica-cookies","status":"publish","type":"page","link":"https:\/\/huskysgroup.com\/es\/politica-cookies\/","title":{"rendered":"Pol\u00edtica de cookies"},"content":{"rendered":"<h2 style=\"text-align: left;\"><strong>\u00a0<\/strong>1. Introducci\u00f3n<\/h2>\n<p>En esta web de propiedad de <strong>HUSKY\u00b4S Exclusive Private Services S.L.U<\/strong> (en adelante: &#8220;sitio web&#8221;), hacemos uso de cookies para poder mejorar y optimizar la experiencia del usuario. A continuaci\u00f3n detallamos toda la informaci\u00f3n sobre \u00e9stas.<\/p>\n<p>&nbsp;<\/p>\n<h2>2. \u00bfQu\u00e9 son las cookies?<\/h2>\n<p>Las cookies son peque\u00f1os ficheros de texto enviados a un navegador desde un servidor web para registrar la actividad del usuario en un sitio web, de modo que se pueda recuperar esa informaci\u00f3n con posterioridad durante la navegaci\u00f3n por las diferentes p\u00e1ginas que est\u00e9n conectadas al servidor que se las instal\u00f3.<\/p>\n<p>&nbsp;<\/p>\n<h2>3. \u00bfQu\u00e9 informaci\u00f3n almacena una cookie?<\/h2>\n<p>Las cookies suelen almacenar informaci\u00f3n de car\u00e1cter t\u00e9cnico, preferencias personales, personalizaci\u00f3n de contenidos, estad\u00edsticas de uso, enlaces a redes sociales, acceso a cuentas de usuario,\u00a0 etc. En ning\u00fan caso almac\u00e9n informaci\u00f3n sensible sobre el usuario, como n\u00famero de tarjetas de cr\u00e9dito, datos bancarios, etc<\/p>\n<p>&nbsp;<\/p>\n<h2>4. Tipos de cookies<\/h2>\n<p>A continuaci\u00f3n, se realiza una clasificaci\u00f3n de las cookies en funci\u00f3n de una serie de categor\u00edas. No obstante es necesario tener en cuenta que una misma cookie puede estar incluida en m\u00e1s de una categor\u00eda.<\/p>\n<p>&nbsp;<\/p>\n<h3>4.1 Seg\u00fan la entidad que las gestiona<\/h3>\n<ul>\n<li><strong>Cookies propias:<\/strong>\u00a0 Son aquellas que se env\u00edan al ordenador\/dispositivo del usuario desde un equipo <strong>gestionado<\/strong> por el propio editor y desde el que se presta el servicio solicitado por el usuario.<\/li>\n<li><strong>Cookies de terceros:<\/strong> Son aquellas que se env\u00edan al ordenador\/dispositivo del usuario desde un equipo que <strong>no es gestionado<\/strong> por el editor, sino por otra entidad que trata los datos obtenidos trav\u00e9s de las cookies.<\/li>\n<\/ul>\n<p style=\"padding-left: 30px;\">En el caso de que las cookies sean instaladas desde un equipo gestionado por el propio editor pero la informaci\u00f3n que se recoja mediante estas sea gestionada por un tercero, no son consideradas cookies propias.<\/p>\n<h3>4.2 Seg\u00fan el plazo de tiempo que permanecen activadas<\/h3>\n<p style=\"padding-left: 30px;\">Seg\u00fan el plazo de tiempo que permanecen activadas en el ordenador\/dispositivo podemos distinguir:<\/p>\n<ul>\n<li><strong>Cookies de sesi\u00f3n:<\/strong> Son un tipo de cookies dise\u00f1adas para recabar y almacenar datos mientras el usuario accede a una p\u00e1gina web. Se suelen emplear para almacenar informaci\u00f3n que solo interesa conservar para la prestaci\u00f3n del servicio solicitado por el usuario en una sola ocasi\u00f3n.<\/li>\n<li><strong>Cookies persistentes:<\/strong> Son un tipo de cookies en el que los datos siguen almacenados en el equipo del usuario y pueden ser accedidos y tratados durante un periodo definido por el responsable de la cookie, y que puede ir de unos minutos a varios a\u00f1os.<\/li>\n<\/ul>\n<p>&nbsp;<\/p>\n<h3>4.3 Seg\u00fan su finalidad<\/h3>\n<p style=\"padding-left: 30px;\">Seg\u00fan la finalidad para la que se traten los datos obtenidos a trav\u00e9s de las cookies, podemos distinguir entre:<\/p>\n<ul>\n<li><strong>Cookies necesarias: <\/strong>Son aquellas que activan las funciones b\u00e1sicas y permiten al usuario la navegaci\u00f3n y la utilizaci\u00f3n de las diferentes opciones o servicios ofrecidos en la p\u00e1gina web.<\/li>\n<li><strong>Cookies de preferencias:<\/strong>\u00a0Son aquellas que permiten recordar informaci\u00f3n para que el usuario acceda al servicio con determinadas caracter\u00edsticas que pueden diferenciar su experiencia de la de otros usuarios, como, por ejemplo, el idioma.<\/li>\n<li><strong>Cookies de estad\u00edstica:<\/strong>\u00a0Son aquellas que se usan para el an\u00e1lisis del comportamiento de los usuarios en el sitio web. Permitiendo as\u00ed comprender c\u00f3mo interact\u00faan los visitantes con la p\u00e1gina web reuniendo y proporcionando informaci\u00f3n de forma an\u00f3nima.<\/li>\n<li><strong>Cookies marketing:<\/strong> Son aquellas que permiten la gesti\u00f3n de los espacios publicitarios que en su caso, el editor haya incluido en la p\u00e1gina web.\u00a0La intenci\u00f3n es mostrar anuncios relevantes y atractivos para el usuario individual.<\/li>\n<li><strong>Cookies sociales:<\/strong> Son las necesarias para las redes sociales externas (Facebook, Google, Twitter, Pinterest, Instagram, etc\u2026). Su funci\u00f3n es controlar la interacci\u00f3n con los plugins\u00a0 sociales dentro de la p\u00e1gina.<\/li>\n<li><strong>Cookies no clasificadas:<\/strong>\u00a0Las cookies no clasificadas son cookies para las que todav\u00eda estamos en proceso de clasificar, junto con los proveedores de cookies individuales.<\/li>\n<\/ul>\n<p>&nbsp;<\/p>\n<h2>5. \u00bfQu\u00e9 tipos de cookies utiliza esta web y para qu\u00e9? (Terceros\/Propias)<\/h2>\n<p>En esta web se usa tanto cookies propias como de tercero.<\/p>\n<p>Recomendamos que el usuario lea las condiciones generales y la pol\u00edtica de cookies de los terceros.<\/p>\n<p>A continuaci\u00f3n encontrar\u00e1 una tabla con todas las cookies que se usan en este sitio web.<\/p>\n<p>&nbsp;<\/p>\n<pre class=\" line-numbers language-shortcode\"><code class=\" language-shortcode\"><div class=\"BorlabsCookie\"><h3 class=\"_brlbs _brlbs-cg-essential\">Necesarias<\/h3><p class=\"_brlbs _brlbs-cg-essential\">Estas cookies habilitan funciones b\u00e1sicas y son necesarias para el correcto funcionamiento del sitio web.<\/p><h4 class=\"_brlbs _brlbs-c-borlabs-cookie\">Borlabs Cookie<\/h4><div class=\"_brlbs-responsive-table\"><table class=\"_brlbs _brlbs-c-borlabs-cookie\"><tr><th>Nombre<\/th><td>Borlabs Cookie<\/td><\/tr><tr><th>Proveedor<\/th><td>Propietario de este sitio web<\/td><\/tr><tr><th>Prop\u00f3sito<\/th><td>Guarda las preferencias de los visitantes seleccionadas en el cuadro de cookies de Borlabs Cookie.<\/td><\/tr><tr><th>Nombre de Cookie<\/th><td>borlabs-cookie<\/td><\/tr><tr><th>Caducidad de Cookie<\/th><td>1 A\u00f1o<\/td><\/tr><\/table><\/div><h3 class=\"_brlbs _brlbs-cg-statistics\">Estad\u00edsticas<\/h3><p class=\"_brlbs _brlbs-cg-statistics\">Las cookies de estad\u00edsticas recopilan informaci\u00f3n de forma an\u00f3nima. Esta informaci\u00f3n nos ayuda a comprender c\u00f3mo nuestros visitantes utilizan nuestro sitio web.<\/p><h4 class=\"_brlbs _brlbs-c-google-analytics\">Google Analytics<\/h4><div class=\"_brlbs-responsive-table\"><table class=\"_brlbs _brlbs-c-google-analytics\"><tr><th>Nombre<\/th><td>Google Analytics<\/td><\/tr><tr><th>Proveedor<\/th><td>Google LLC<\/td><\/tr><tr><th>Prop\u00f3sito<\/th><td>Cookie de Google Anal\u00edtica utilizada para an\u00e1lisis de sitios web. Genera datos estad\u00edsticos sobre c\u00f3mo el visitante utiliza el sitio web.<\/td><\/tr><tr><th>Pol\u00edtica de Privacidad<\/th><td><a href=\"https:\/\/policies.google.com\/privacy?hl=es\" target=\"_blank\" rel=\"nofollow noopener noreferrer\">https:\/\/policies.google.com\/privacy?hl=es<\/a><\/td><\/tr><tr><th>Nombre de Cookie<\/th><td>_ga,_gid<\/td><\/tr><tr><th>Caducidad de Cookie<\/th><td>2 A\u00f1os<\/td><\/tr><\/table><\/div><\/div>\r\n<\/code><\/pre>\n<p>&nbsp;<\/p>\n<p>El usuario puede cambiar la configuraci\u00f3n en todo momento haciendo clic en el siguiente bot\u00f3n: <code class=\" language-shortcode\"><a href=\"#\" class=\"_brlbs-btn-cookie-preference borlabs-cookie-preference\">Preferencias de Cookies<\/a><\/code><\/p>\n<p>&nbsp;<\/p>\n<h2>6. Consentimiento<\/h2>\n<p>Cuando se visita nuestro sitio web por primera vez, mostraremos al usuario una ventana emergente con una explicaci\u00f3n b\u00e1sica sobre las cookies, donde podr\u00e1 seleccionar que tipo de cookies desea permitir seg\u00fan su finalidad. Al aceptar esa ventana emergente, nos autoriza a utilizar todas las cookies y plugins tal y como se describe en esta declaraci\u00f3n de cookies. El usuario puede desactivar el uso de cookies a trav\u00e9s de su navegador, pero realizando esa acci\u00f3n es posible que nuestro sitio web ya no funcione correctamente.<\/p>\n<p>&nbsp;<\/p>\n<h2>7. Habilitar \/ Desactivar cookies<\/h2>\n<p>Si el usuario no desea que se guarden cookies en su navegador o prefiere personalizar en los casos que lo haga, puede configurarlo en las opciones de su navegador. En concreto, el usuario puede normalmente aceptar alguna de las siguientes opciones:<\/p>\n<ul>\n<li>Rechazar las cookies de determinados dominios;<\/li>\n<li>Rechazar las cookies de terceros;<\/li>\n<li>Aceptar cookies como no persistentes (se eliminan cuando el navegador se cierra);<\/li>\n<li>Permitir al servidor crear cookies para un dominio diferente.<\/li>\n<\/ul>\n<p>Para permitir, conocer, bloquear o eliminar las cookies instaladas en su equipo puede hacerlo mediante la configuraci\u00f3n de las opciones del navegador que tenga instalado.<\/p>\n<p>A continuaci\u00f3n ofrecemos enlaces en los que encontrar\u00e1 informaci\u00f3n sobre c\u00f3mo puede configurar sus preferencias en los principales navegadores:<\/p>\n<ul>\n<li><strong>Google Chrome<\/strong> <a href=\"https:\/\/support.google.com\/chrome\/?hl=es\">https:\/\/support.google.com\/chrome\/answer\/95647?co=GENIE.Platform%3DDesktop&amp;hl=es<\/a><\/li>\n<li><strong>Mozilla Firefox<\/strong> <a href=\"https:\/\/support.mozilla.org\/es\/products\/firefox\">https:\/\/support.mozilla.org\/es\/kb\/cookies-informacion-que-los-sitios-web-guardan-en-<\/a><\/li>\n<li><strong>Microsoft Edge<\/strong>\u00a0<a href=\"https:\/\/support.microsoft.com\/es-es\/windows\/eliminar-y-administrar-cookies-168dab11-0753-043d-7c16-ede5947fc64d\">https:\/\/support.microsoft.com\/es-es\/help\/17442\/windows-internet-explorer-delete-manage-cookies<\/a><\/li>\n<li><strong>Safari<\/strong> <a href=\"https:\/\/support.apple.com\/es-es\/guide\/safari\/sfri11471\/mac\">https:\/\/support.apple.com\/es-es\/guide\/safari\/sfri11471\/mac<\/a><\/li>\n<\/ul>\n<p>&nbsp;<\/p>\n<h2>8. Advertencia sobre eliminar cookies<\/h2>\n<p>Hay que tener en cuenta que nuestro sitio web puede no funcionar correctamente si todas las cookies est\u00e1n deshabilitadas.<\/p>\n<p>Si se borran las cookies en el navegador del usuario, se volver\u00e1n a colocar despu\u00e9s de su consentimiento cuando vuelva a visitar nuestro sitio web.<\/p>\n<p>&nbsp;<\/p>\n<h2>9. Actualizaciones y modificaciones en la pol\u00edtica de cookies.<\/h2>\n<p><strong>HUSKY\u00b4S Exclusive Private Services <\/strong>puede modificar esta pol\u00edtica de cookies en funci\u00f3n de las exigencias legislativas, reglamentarias, con la finalidad de adaptar dicha pol\u00edtica a las instrucciones dictadas por la Agencia Espa\u00f1ola de Protecci\u00f3n de Datos, por cuestiones t\u00e9cnicas o de reorganizaci\u00f3n de la web. Por tanto, el usuario debe leer la pol\u00edtica de cookies en todas y cada una de las ocasiones en que acceda a\u00a0<a href=\"https:\/\/huskysgroup.com\/es\/\">https:\/\/huskysgroup.com<\/a>.<\/p>\n<p>&nbsp;<\/p>\n<h2>10. Consultar nuestra pol\u00edtica de privacidad y aviso legal<\/h2>\n<p>Al navegar por nuestra sitio web el usuario acepta nuestra\u00a0<a href=\"https:\/\/huskysgroup.com\/es\/politica-privacidad\/\">pol\u00edtica de privacidad<\/a> y <a href=\"https:\/\/huskysgroup.com\/es\/aviso-legal\/\">aviso legal<\/a>.<\/p>\n<p>&nbsp;<\/p>\n<h2>11. Contacto<\/h2>\n<p>Para preguntas y\/o comentarios sobre nuestra pol\u00edtica de cookies y esta declaraci\u00f3n, el usuario puede ponerse\u00a0en contacto con nosotros\u00a0enviando un mail a info@huskysgroup.com o mediante el formulario de nuestra p\u00e1gina de\u00a0 <a href=\"https:\/\/huskysgroup.com\/es\/contacto\/\">contacto.<\/a><\/p>\n<p>&nbsp;<\/p>\n<p>&nbsp;<\/p>\n","protected":false},"excerpt":{"rendered":"<p>\u00a01. Introducci\u00f3n En esta web de propiedad de HUSKY\u00b4S Exclusive Private Services S.L.U (en adelante: &#8220;sitio web&#8221;), hacemos uso de cookies para poder mejorar y optimizar la experiencia del usuario. A continuaci\u00f3n detallamos toda la informaci\u00f3n sobre \u00e9stas. &nbsp; 2. \u00bfQu\u00e9 son las cookies? Las cookies son peque\u00f1os ficheros de texto enviados a un navegador [&hellip;]<\/p>\n","protected":false},"author":1,"featured_media":0,"parent":0,"menu_order":0,"comment_status":"closed","ping_status":"closed","template":"","meta":[],"yoast_head":"<!-- This site is optimized with the Yoast SEO Premium plugin v16.0.2 - https:\/\/yoast.com\/wordpress\/plugins\/seo\/ -->\n<title>Pol\u00edtica de cookies | Husky&#039;s Group<\/title>\n<meta name=\"description\" content=\"Nuestra Pol\u00edtica de Cookies, \u00bfQu\u00e9 son?, \u00bfPara que las usamos? y \u00bfC\u00f3mo te afectan?. Explicado de una manera clara, sencilla y transparente\" \/>\n<meta name=\"robots\" content=\"index, follow, max-snippet:-1, max-image-preview:large, max-video-preview:-1\" \/>\n<link rel=\"canonical\" href=\"https:\/\/huskysgroup.com\/es\/politica-cookies\/\" \/>\n<meta property=\"og:locale\" content=\"es_ES\" \/>\n<meta property=\"og:type\" content=\"article\" \/>\n<meta property=\"og:title\" content=\"Pol\u00edtica de cookies | Husky&#039;s Group\" \/>\n<meta property=\"og:description\" content=\"Nuestra Pol\u00edtica de Cookies, \u00bfQu\u00e9 son?, \u00bfPara que las usamos? y \u00bfC\u00f3mo te afectan?. Explicado de una manera clara, sencilla y transparente\" \/>\n<meta property=\"og:url\" content=\"https:\/\/huskysgroup.com\/es\/politica-cookies\/\" \/>\n<meta property=\"og:site_name\" content=\"Husky&#039;s Group\" \/>\n<meta property=\"article:modified_time\" content=\"2021-06-02T08:21:05+00:00\" \/>\n<meta name=\"twitter:card\" content=\"summary_large_image\" \/>\n<meta name=\"twitter:label1\" content=\"Tiempo de lectura\">\n\t<meta name=\"twitter:data1\" content=\"5 minutos\">\n<script type=\"application\/ld+json\" class=\"yoast-schema-graph\">{\"@context\":\"https:\/\/schema.org\",\"@graph\":[{\"@type\":\"Organization\",\"@id\":\"https:\/\/huskysgroup.com\/#organization\",\"name\":\"Husky's Group\",\"url\":\"https:\/\/huskysgroup.com\/\",\"sameAs\":[],\"logo\":{\"@type\":\"ImageObject\",\"@id\":\"https:\/\/huskysgroup.com\/#logo\",\"inLanguage\":\"es\",\"url\":\"https:\/\/huskysgroup.com\/wp-content\/uploads\/2021\/02\/huskys-logo-2.jpg\",\"width\":492,\"height\":328,\"caption\":\"Husky's Group\"},\"image\":{\"@id\":\"https:\/\/huskysgroup.com\/#logo\"}},{\"@type\":\"WebSite\",\"@id\":\"https:\/\/huskysgroup.com\/#website\",\"url\":\"https:\/\/huskysgroup.com\/\",\"name\":\"Husky&#039;s Group\",\"description\":\"All New Construction Promotions in Barcelona\",\"publisher\":{\"@id\":\"https:\/\/huskysgroup.com\/#organization\"},\"potentialAction\":[{\"@type\":\"SearchAction\",\"target\":\"https:\/\/huskysgroup.com\/?s={search_term_string}\",\"query-input\":\"required name=search_term_string\"}],\"inLanguage\":\"es\"},{\"@type\":\"WebPage\",\"@id\":\"https:\/\/huskysgroup.com\/es\/politica-cookies\/#webpage\",\"url\":\"https:\/\/huskysgroup.com\/es\/politica-cookies\/\",\"name\":\"Pol\\u00edtica de cookies | Husky&#039;s Group\",\"isPartOf\":{\"@id\":\"https:\/\/huskysgroup.com\/#website\"},\"datePublished\":\"2021-04-24T18:52:15+00:00\",\"dateModified\":\"2021-06-02T08:21:05+00:00\",\"description\":\"Nuestra Pol\\u00edtica de Cookies, \\u00bfQu\\u00e9 son?, \\u00bfPara que las usamos? y \\u00bfC\\u00f3mo te afectan?. Explicado de una manera clara, sencilla y transparente\",\"breadcrumb\":{\"@id\":\"https:\/\/huskysgroup.com\/es\/politica-cookies\/#breadcrumb\"},\"inLanguage\":\"es\",\"potentialAction\":[{\"@type\":\"ReadAction\",\"target\":[\"https:\/\/huskysgroup.com\/es\/politica-cookies\/\"]}]},{\"@type\":\"BreadcrumbList\",\"@id\":\"https:\/\/huskysgroup.com\/es\/politica-cookies\/#breadcrumb\",\"itemListElement\":[{\"@type\":\"ListItem\",\"position\":1,\"item\":{\"@type\":\"WebPage\",\"@id\":\"https:\/\/huskysgroup.com\/en\/\",\"url\":\"https:\/\/huskysgroup.com\/en\/\",\"name\":\"Inicio\"}},{\"@type\":\"ListItem\",\"position\":2,\"item\":{\"@type\":\"WebPage\",\"@id\":\"https:\/\/huskysgroup.com\/es\/politica-cookies\/\",\"url\":\"https:\/\/huskysgroup.com\/es\/politica-cookies\/\",\"name\":\"Pol\\u00edtica de cookies\"}}]}]}<\/script>\n<!-- \/ Yoast SEO Premium plugin. -->","_links":{"self":[{"href":"https:\/\/huskysgroup.com\/es\/wp-json\/wp\/v2\/pages\/9654"}],"collection":[{"href":"https:\/\/huskysgroup.com\/es\/wp-json\/wp\/v2\/pages"}],"about":[{"href":"https:\/\/huskysgroup.com\/es\/wp-json\/wp\/v2\/types\/page"}],"author":[{"embeddable":true,"href":"https:\/\/huskysgroup.com\/es\/wp-json\/wp\/v2\/users\/1"}],"replies":[{"embeddable":true,"href":"https:\/\/huskysgroup.com\/es\/wp-json\/wp\/v2\/comments?post=9654"}],"version-history":[{"count":3,"href":"https:\/\/huskysgroup.com\/es\/wp-json\/wp\/v2\/pages\/9654\/revisions"}],"predecessor-version":[{"id":10885,"href":"https:\/\/huskysgroup.com\/es\/wp-json\/wp\/v2\/pages\/9654\/revisions\/10885"}],"wp:attachment":[{"href":"https:\/\/huskysgroup.com\/es\/wp-json\/wp\/v2\/media?parent=9654"}],"curies":[{"name":"wp","href":"https:\/\/api.w.org\/{rel}","templated":true}]}}